{"id":69,"date":"2019-11-24T20:01:31","date_gmt":"2019-11-24T19:01:31","guid":{"rendered":"http:\/\/ny.noramusikk.no\/?page_id=69"},"modified":"2021-10-29T00:34:11","modified_gmt":"2021-10-28T22:34:11","slug":"hvorfor-nora","status":"publish","type":"page","link":"https:\/\/noramusikk.no\/index.php\/hvorfor-nora\/","title":{"rendered":"Hvorfor NORA?"},"content":{"rendered":"\r\n<p>Som ut\u00f8vende artist er du kanskje allerede medlem av organisasjoner som\u00a0<a href=\"http:\/\/www.noart.no\/\">Norsk Artistforbund<\/a>,\u00a0<a href=\"http:\/\/www.gramart.no\/\">Gramart<\/a>,\u00a0<a href=\"http:\/\/www.mfo.no\/\">MFO<\/a>,\u00a0<a href=\"http:\/\/jazzforum.jazzinorge.no\/\">Norsk jazzforum<\/a>,\u00a0<a href=\"http:\/\/www.folkorg.no\/\">FolkOrg<\/a> . <strong><\/strong><\/p>\r\n<p><span>Alle disse organisasjonene ivaretar musikere og artisters interesser. Men er du klar over at <strong>som plateprodusent har du mest sannsynlig ikke f\u00e5tt alle pengene du har krav p\u00e5?<\/strong><\/span><\/p>\r\n\r\n\r\n\r\n<ul class=\"wp-block-list\">\r\n<li>Blir du trukket 10% av Gramo ved avregning?<\/li>\r\n<li>Har musikken din blitt brukt i innslag p\u00e5 NRK?<\/li>\r\n<li>N\u00e5r du ikke frem hos de store radioene fordi du ikke er et stort plateselskap?<\/li>\r\n<li>Har du problemer med \u00e5 f\u00e5 albumet eksponert fordi du er for \u00abliten\u00bb?<\/li>\r\n<li>Eier du masteren selv, men lisensierer den til et plateselskap?<\/li>\r\n<li>Har du i det hele tatt f\u00e5tt penger for platesalget p\u00e5 egen label?<\/li>\r\n<\/ul>\r\n\r\n\r\n\r\n<p><strong>NORA er organisasjonen for alle som har gitt ut musikk og eier rettighetene selv, uansett sjanger.<\/strong> Om du spiller\u00a0elektronika, Hip Hop, jazz, folkemusikk, visesang, danseband, metal, pop eller rock, er NORA organisasjonen for deg som eier musikken selv.<\/p>\r\n\r\n\r\n\r\n<p><i><span>NORA er foreningen for artister og band som selv eier (noen av) innspillingene sine. Musikalsk sjanger spiller ingen rolle.<\/span><\/i><\/p>\r\n<p><i><span>Joda; som artist\/band er du\/dere gjerne medlem av en ut\u00f8verorganisasjon slik som GramArt, Creo eller NA. Men dersom du eier egen mastertape, er du ikke bare ut\u00f8ver\u00a0<\/span><\/i><\/p>\r\n<p><i><span>\u2013 du er ogs\u00e5 produsent. Vi kaller slike for EGENPRODUSENTER.<\/span><\/i><\/p>\r\n<p><i><span>Antallet egenprodusenter er i voldsom vekst, og vil dominere \u00abplatebransjen\u00bb i fremtida.. Dette er artister\/band som har gjort innspillinger selv uten \u00e5 g\u00e5 via plateselskap.\u00a0\u00a0<\/span><\/i><\/p>\r\n<p><i><span>De tradisjonelle plateselskapene er organisert via FONO eller IFPI.<\/span><\/i><\/p>\r\n<p><i><span>Egenprodusentene har aldri hatt noen organisasjon \u2013 derfor har vi n\u00e5 stiftet NORA.<\/span><\/i><\/p>\r\n<p><br \/><br \/>NORA er etablert av artister, og i styret sitter selv ut\u00f8vende artister som alle har gitt ut musikk p\u00e5 eget selskap. NORA er organisasjonen for egenprodusenter som gir ut verkene sine selv. Vi jobber for \u00e5 f\u00e5 ut vederlagspenger som til n\u00e5 har tilfalt de store plateselskapene, samt arbeider for \u00e5 gj\u00f8re det enklere for deg som utgir musikk.<br \/><br \/><\/p>\r\n<p>&nbsp;<\/p>\r\n","protected":false},"excerpt":{"rendered":"<p>Som ut\u00f8vende artist er du kanskje allerede medlem av organisasjoner som\u00a0Norsk Artistforbund,\u00a0Gramart,\u00a0MFO,\u00a0Norsk jazzforum,\u00a0FolkOrg . Alle disse organisasjonene ivaretar musikere og artisters interesser. Men er du klar over at som plateprodusent har du mest sannsynlig ikke f\u00e5tt alle pengene du har krav p\u00e5? Blir du trukket 10% av Gramo ved avregning? [&hellip;]<\/p>\n","protected":false},"author":2,"featured_media":0,"parent":0,"menu_order":0,"comment_status":"closed","ping_status":"closed","template":"","meta":{"footnotes":""},"class_list":["post-69","page","type-page","status-publish","hentry"],"jetpack_sharing_enabled":true,"_links":{"self":[{"href":"https:\/\/noramusikk.no\/index.php\/wp-json\/wp\/v2\/pages\/69","targetHints":{"allow":["GET"]}}],"collection":[{"href":"https:\/\/noramusikk.no\/index.php\/wp-json\/wp\/v2\/pages"}],"about":[{"href":"https:\/\/noramusikk.no\/index.php\/wp-json\/wp\/v2\/types\/page"}],"author":[{"embeddable":true,"href":"https:\/\/noramusikk.no\/index.php\/wp-json\/wp\/v2\/users\/2"}],"replies":[{"embeddable":true,"href":"https:\/\/noramusikk.no\/index.php\/wp-json\/wp\/v2\/comments?post=69"}],"version-history":[{"count":7,"href":"https:\/\/noramusikk.no\/index.php\/wp-json\/wp\/v2\/pages\/69\/revisions"}],"predecessor-version":[{"id":374,"href":"https:\/\/noramusikk.no\/index.php\/wp-json\/wp\/v2\/pages\/69\/revisions\/374"}],"wp:attachment":[{"href":"https:\/\/noramusikk.no\/index.php\/wp-json\/wp\/v2\/media?parent=69"}],"curies":[{"name":"wp","href":"https:\/\/api.w.org\/{rel}","templated":true}]}}