{"id":504,"date":"2024-01-03T14:18:32","date_gmt":"2024-01-03T13:18:32","guid":{"rendered":"https:\/\/noramusikk.no\/?page_id=504"},"modified":"2025-12-11T23:59:42","modified_gmt":"2025-12-11T22:59:42","slug":"formelle-dokumenter","status":"publish","type":"page","link":"https:\/\/noramusikk.no\/index.php\/formelle-dokumenter\/","title":{"rendered":"FORMELLE DOKUMENTER"},"content":{"rendered":"<hr \/>\n<hr \/>\n<p style=\"text-align: center;\"><a href=\"https:\/\/noramusikk.no\/wp-content\/uploads\/2024\/01\/Vedtekter-NORA.pdf\" target=\"_blank\" rel=\"noopener\">Vedtekter NORA<\/a><\/p>\n<hr \/>\n<p style=\"text-align: center;\"><a href=\"https:\/\/noramusikk.no\/wp-content\/uploads\/2025\/10\/NORAs-arsmote-2025.pdf\" target=\"_blank\" rel=\"noopener\">Innkalling til \u00e5rsm\u00f8te 2025<\/a><\/p>\n<hr \/>\n<p style=\"text-align: center;\"><a href=\"https:\/\/noramusikk.no\/wp-content\/uploads\/2024\/12\/Beretning-og-apenhetsrapport-2023-NORA_01.pdf\" target=\"_blank\" rel=\"noopener\">\u00a0Beretning og \u00c5penhetsrapport 2023<\/a><\/p>\n<hr \/>\n<p style=\"text-align: center;\"><a href=\"https:\/\/noramusikk.no\/wp-content\/uploads\/2025\/12\/Arsregnskap-2024-NORA.pdf\" target=\"_blank\" rel=\"noopener\">\u00c5rsregnskap 2024 NORA<\/a><\/p>\n<hr \/>\n<p style=\"text-align: center;\"><a href=\"https:\/\/noramusikk.no\/wp-content\/uploads\/2025\/12\/GF-2025-Protokoll.pdf\" target=\"_blank\" rel=\"noopener\">\u00c5rsm\u00f8te 2025 &#8211; Protokoll<\/a><\/p>\n<hr \/>\n<p style=\"text-align: center;\"><a href=\"https:\/\/noramusikk.no\/wp-content\/uploads\/2024\/09\/Internrevisjonsuttalelse-2023-NORA.pdf\" target=\"_blank\" rel=\"noopener\">Internrevisjonsuttalelse 2023<\/a><\/p>\n","protected":false},"excerpt":{"rendered":"<p>Vedtekter NORA Innkalling til \u00e5rsm\u00f8te 2025 \u00a0Beretning og \u00c5penhetsrapport 2023 \u00c5rsregnskap 2024 NORA \u00c5rsm\u00f8te 2025 &#8211; Protokoll Internrevisjonsuttalelse 2023<\/p>\n","protected":false},"author":2,"featured_media":0,"parent":0,"menu_order":0,"comment_status":"closed","ping_status":"closed","template":"","meta":{"footnotes":""},"class_list":["post-504","page","type-page","status-publish","hentry"],"jetpack_sharing_enabled":true,"_links":{"self":[{"href":"https:\/\/noramusikk.no\/index.php\/wp-json\/wp\/v2\/pages\/504","targetHints":{"allow":["GET"]}}],"collection":[{"href":"https:\/\/noramusikk.no\/index.php\/wp-json\/wp\/v2\/pages"}],"about":[{"href":"https:\/\/noramusikk.no\/index.php\/wp-json\/wp\/v2\/types\/page"}],"author":[{"embeddable":true,"href":"https:\/\/noramusikk.no\/index.php\/wp-json\/wp\/v2\/users\/2"}],"replies":[{"embeddable":true,"href":"https:\/\/noramusikk.no\/index.php\/wp-json\/wp\/v2\/comments?post=504"}],"version-history":[{"count":16,"href":"https:\/\/noramusikk.no\/index.php\/wp-json\/wp\/v2\/pages\/504\/revisions"}],"predecessor-version":[{"id":592,"href":"https:\/\/noramusikk.no\/index.php\/wp-json\/wp\/v2\/pages\/504\/revisions\/592"}],"wp:attachment":[{"href":"https:\/\/noramusikk.no\/index.php\/wp-json\/wp\/v2\/media?parent=504"}],"curies":[{"name":"wp","href":"https:\/\/api.w.org\/{rel}","templated":true}]}}