{"id":351,"date":"2021-09-20T17:57:40","date_gmt":"2021-09-20T15:57:40","guid":{"rendered":"http:\/\/ny.noramusikk.no\/?page_id=351"},"modified":"2021-10-29T00:37:10","modified_gmt":"2021-10-28T22:37:10","slug":"medlemsfordeler","status":"publish","type":"page","link":"https:\/\/noramusikk.no\/index.php\/medlemsfordeler\/","title":{"rendered":"Medlemsfordeler"},"content":{"rendered":"<p>&nbsp;<\/p>\n<p><span>Nedenfor har vi listet en del personlige fordeler ved v\u00e6re medlem. Likevel er det resultatene i form av fellesgoder som er det viktigste. Uten innsats fra foreninger hadde vi aldri hatt festninger som Gramo og TONO. Vi hadde ikke hatt st\u00f8tteordningene, og vi hadde ikke en s\u00e5 god \u00e5ndsverklov. Dersom alle musikere kun var sin egen \u00ablykkes smed\u00bb \u2013 og ikke meldte seg inn i foreninger \u2013 ville vi oppn\u00e5dd lite. Ved \u00e5 v\u00e6re medlem i NORA bidrar du til at foreningen blir sterk og slagkraftig.<\/span><\/p>\n<p><span>NORA er enn\u00e5 ung og noks\u00e5 liten, men gj\u00f8r allerede merkbar innsats:<\/span><\/p>\n<ul>\n<li aria-level=\"1\"><span>Vi har utviklet <\/span><b>skriftlige veiledere<\/b><span>: \u00ab<\/span><span>ABZ<\/span><span> for egenprodusenter\u00bb\u00a0 og standard <\/span><span>lisensieringsavtale<\/span><span>. Disse vil n\u00e5 bli presentert p\u00e5 v\u00e5r hjemmeside\u00a0<\/span><\/li>\n<li aria-level=\"1\"><b>Forum<\/b><span> der medlemmer og andre kan treffes for \u00e5 dr\u00f8fte felles problemer. I Oslo planlegges n\u00e5 faste <\/span><span>bransjekvelder<\/span><span> f\u00f8rste mandag i m\u00e5neden fra vinteren av.<\/span><\/li>\n<li aria-level=\"1\"><b>Taler\u00f8r<\/b><span> for egenprodusentenes sak. NORA bidro f.eks. i 2018 til \u00e5 en vesentlig forbedring av <\/span><span>Lanseringsst\u00f8tten<\/span><span> (Kulturr\u00e5det).<\/span><\/li>\n<li aria-level=\"1\"><b>Kollektivavtaler<\/b><span> for v\u00e5re medlemmer. NORA har inng\u00e5tt avtale med NRK om kompensasjon for v\u00e5re medlemmer for <\/span><span>innkopiering<\/span><span> av l\u00e5ter i TV-produksjoner. Avtaler med andre AV-produsenter vil komme etter hvert.<\/span><\/li>\n<li aria-level=\"1\"><b>NORWACO-vederlag: <\/b><span>NORA er inne i NORWACOs systemer for vederlag knytta til <\/span><span>videresending av TV<\/span><span> og privatkopiering med mer.\u00a0<\/span><\/li>\n<li aria-level=\"1\"><b>\u00c5ndsverkloven<\/b><span> vil alltid trenge forbedringer, og der vil NORA v\u00e6re en r\u00f8st for \u00e5 sikre dine interesser som egenprodusent.<\/span><\/li>\n<li aria-level=\"1\"><b>Representasjon i kulturlivet<\/b><span> er viktig, og NORA satser p\u00e5 \u00e5 bite seg fast over alt, slik som i Fond for ut\u00f8vende kunstnere, der Claudia Scott n\u00e5 har representert oss i styret.<\/span><\/li>\n<li aria-level=\"1\"><b>Spesialsaker:<\/b><span> Et typisk eksempel her er <\/span><span>\u00abGramo og amerikanerne\u00bb, <\/span><span>der NORA har g\u00e5tt i spissen for \u00e5 stanse Gramos un\u00f8dvendige avregning \u00e5rlig av ca. 10 millioner norske kulturkroner til USA. Denne saken skal vi vinne i l\u00f8pet av det kommende \u00e5ret!<\/span><\/li>\n<li aria-level=\"1\"><b>Medlemsfordeler<\/b><span> er v\u00e5rt nye satsingsomr\u00e5de. Utover h\u00f8sten vil vi fremforhandle spesialavtaler (rabatter) for NORAs medlemmer p\u00e5 omr\u00e5der som studioleie, distribusjon, fabrikasjon, markedsf\u00f8ring og promo med mere.<\/span><\/li>\n<\/ul>\n<p><span>Individuelle goder:<\/span><\/p>\n<p><span>Det skal l\u00f8nne seg for de enkelte \u00e5 v\u00e6re medlem av NORA. Utgiftene til kontingent vil dekkes ved motregning av vederlag, prim\u00e6rt mot kollektive vederlag fra Norwaco.<\/span><\/p>\n<ul>\n<li aria-level=\"1\"><b>Vederlag<\/b><span>. Vi vil n\u00e5 utbetale vederlag oppkrevd av NORA fra omr\u00e5der som innkopiering i TV-produksjoner eller avregninger fra NORWACO. Utbetaling vil skje enten individuelt eller via et fond der medlemmene kan s\u00f8ke st\u00f8tte (eller en kombinasjon av dette).<\/span><\/li>\n<li aria-level=\"1\"><b>Veiledning<\/b><span> til enkeltmedlemmer vil komme systematisk i gang fra h\u00f8sten av. Alle medlemmer kan henvende seg til NORA for \u00e5 s\u00f8ke assistanse. Inntil videre skjer dette direkte til styreleder Fiskvik: <\/span><a href=\"mailto:saemund@noramusikk.no\"><i><span>saemund@noramusikk.no<\/span><\/i><\/a><i><span>\u00a0 mobil: 9180 3236.<\/span><\/i><\/li>\n<li aria-level=\"1\"><b>Gramo-registrering<\/b><span> av dine innspillinger viser seg ofte \u00e5 v\u00e6re mangelfull. NORA samarbeider kontinuerlig med Gramos stab for \u00e5 komplettere katalogene og f\u00e5 dem riktig registrert der de h\u00f8rer hjemme: Hos deg!<\/span><\/li>\n<\/ul>\n<p>&nbsp;<\/p>\n","protected":false},"excerpt":{"rendered":"<p>&nbsp; Nedenfor har vi listet en del personlige fordeler ved v\u00e6re medlem. Likevel er det resultatene i form av fellesgoder som er det viktigste. Uten innsats fra foreninger hadde vi aldri hatt festninger som Gramo og TONO. Vi hadde ikke hatt st\u00f8tteordningene, og vi hadde ikke en s\u00e5 god \u00e5ndsverklov. [&hellip;]<\/p>\n","protected":false},"author":2,"featured_media":0,"parent":0,"menu_order":0,"comment_status":"closed","ping_status":"closed","template":"","meta":{"footnotes":""},"class_list":["post-351","page","type-page","status-publish","hentry"],"jetpack_sharing_enabled":true,"_links":{"self":[{"href":"https:\/\/noramusikk.no\/index.php\/wp-json\/wp\/v2\/pages\/351","targetHints":{"allow":["GET"]}}],"collection":[{"href":"https:\/\/noramusikk.no\/index.php\/wp-json\/wp\/v2\/pages"}],"about":[{"href":"https:\/\/noramusikk.no\/index.php\/wp-json\/wp\/v2\/types\/page"}],"author":[{"embeddable":true,"href":"https:\/\/noramusikk.no\/index.php\/wp-json\/wp\/v2\/users\/2"}],"replies":[{"embeddable":true,"href":"https:\/\/noramusikk.no\/index.php\/wp-json\/wp\/v2\/comments?post=351"}],"version-history":[{"count":6,"href":"https:\/\/noramusikk.no\/index.php\/wp-json\/wp\/v2\/pages\/351\/revisions"}],"predecessor-version":[{"id":406,"href":"https:\/\/noramusikk.no\/index.php\/wp-json\/wp\/v2\/pages\/351\/revisions\/406"}],"wp:attachment":[{"href":"https:\/\/noramusikk.no\/index.php\/wp-json\/wp\/v2\/media?parent=351"}],"curies":[{"name":"wp","href":"https:\/\/api.w.org\/{rel}","templated":true}]}}